{"id":31,"date":"2025-09-01T15:50:08","date_gmt":"2025-09-01T13:50:08","guid":{"rendered":"https:\/\/sabinedeltenre.art\/?page_id=31"},"modified":"2026-04-18T10:33:16","modified_gmt":"2026-04-18T08:33:16","slug":"sous-la-surface","status":"publish","type":"page","link":"https:\/\/sabinedeltenre.art\/","title":{"rendered":"Sous la Surface"},"content":{"rendered":"\n<figure class=\"wp-block-image size-full\"><img data-recalc-dims=\"1\" loading=\"lazy\" decoding=\"async\" width=\"1020\" height=\"1020\" data-attachment-id=\"121\" data-permalink=\"https:\/\/sabinedeltenre.art\/?attachment_id=121\" data-orig-file=\"https:\/\/i0.wp.com\/sabinedeltenre.art\/wp-content\/uploads\/2025\/09\/IMG_9289.png?fit=1020%2C1020&amp;ssl=1\" data-orig-size=\"1020,1020\" data-comments-opened=\"1\" data-image-meta=\"{&quot;aperture&quot;:&quot;0&quot;,&quot;credit&quot;:&quot;&quot;,&quot;camera&quot;:&quot;&quot;,&quot;caption&quot;:&quot;&quot;,&quot;created_timestamp&quot;:&quot;0&quot;,&quot;copyright&quot;:&quot;&quot;,&quot;focal_length&quot;:&quot;0&quot;,&quot;iso&quot;:&quot;0&quot;,&quot;shutter_speed&quot;:&quot;0&quot;,&quot;title&quot;:&quot;&quot;,&quot;orientation&quot;:&quot;0&quot;}\" data-image-title=\"IMG_9289\" data-image-description=\"\" data-image-caption=\"\" data-large-file=\"https:\/\/i0.wp.com\/sabinedeltenre.art\/wp-content\/uploads\/2025\/09\/IMG_9289.png?fit=1020%2C1020&amp;ssl=1\" src=\"https:\/\/i0.wp.com\/sabinedeltenre.art\/wp-content\/uploads\/2025\/09\/IMG_9289.png?resize=1020%2C1020&#038;ssl=1\" alt=\"\" class=\"wp-image-121\" srcset=\"https:\/\/i0.wp.com\/sabinedeltenre.art\/wp-content\/uploads\/2025\/09\/IMG_9289.png?w=1020&amp;ssl=1 1020w, https:\/\/i0.wp.com\/sabinedeltenre.art\/wp-content\/uploads\/2025\/09\/IMG_9289.png?resize=300%2C300&amp;ssl=1 300w, https:\/\/i0.wp.com\/sabinedeltenre.art\/wp-content\/uploads\/2025\/09\/IMG_9289.png?resize=150%2C150&amp;ssl=1 150w, https:\/\/i0.wp.com\/sabinedeltenre.art\/wp-content\/uploads\/2025\/09\/IMG_9289.png?resize=768%2C768&amp;ssl=1 768w, https:\/\/i0.wp.com\/sabinedeltenre.art\/wp-content\/uploads\/2025\/09\/IMG_9289.png?resize=800%2C800&amp;ssl=1 800w, https:\/\/i0.wp.com\/sabinedeltenre.art\/wp-content\/uploads\/2025\/09\/IMG_9289.png?resize=600%2C600&amp;ssl=1 600w, https:\/\/i0.wp.com\/sabinedeltenre.art\/wp-content\/uploads\/2025\/09\/IMG_9289.png?resize=400%2C400&amp;ssl=1 400w, https:\/\/i0.wp.com\/sabinedeltenre.art\/wp-content\/uploads\/2025\/09\/IMG_9289.png?resize=200%2C200&amp;ssl=1 200w\" sizes=\"auto, (max-width: 1000px) 100vw, 1000px\" \/><\/figure>\n\n\n\n<p class=\"has-text-align-center wp-block-paragraph\">\u00ab\u00a0Sous la Surface\u00a0\u00bb est une s\u00e9rie de dessins explorant les profondeurs cach\u00e9es de la nature, r\u00e9v\u00e9lant la beaut\u00e9 souvent m\u00e9connue sous nos yeux. Chaque \u0153uvre illustre la dualit\u00e9 entre la surface visible et les myst\u00e8res sous-jacents, comme des oiseaux sous l&rsquo;eau, symbolisant la tension entre l\u00e9g\u00e8ret\u00e9 et immersion. Chercher \u00e0 capturer l&rsquo;essence de moments \u00e9ph\u00e9m\u00e8res, mettant en lumi\u00e8re la majest\u00e9 de la beaut\u00e9 invisible, que ce soit \u00e0 travers des baleines, des raies manta ou des ours. Cette collection invite \u00e0 la r\u00e9flexion, encourageant \u00e0 voir au-del\u00e0 des apparences et \u00e0 d\u00e9couvrir les tr\u00e9sors cach\u00e9s de la nature. L&rsquo;esp\u00e9rance que ces \u0153uvres inspireront une nouvelle perspective sur le monde, o\u00f9 beaut\u00e9 et myst\u00e8re coexistent en harmonie.<\/p>\n\n\n\n<div class=\"wp-block-buttons is-layout-flex wp-block-buttons-is-layout-flex\">\n<div class=\"wp-block-button\"><a class=\"wp-block-button__link wp-element-button\" href=\"https:\/\/sabinedeltenre.art\/?page_id=389\">Liste des oeuvres<\/a><\/div>\n<\/div>\n","protected":false},"excerpt":{"rendered":"<p>\u00ab\u00a0Sous la Surface\u00a0\u00bb est une s\u00e9rie de dessins explorant les profondeurs cach\u00e9es de la nature, r\u00e9v\u00e9lant la beaut\u00e9 souvent m\u00e9connue sous nos yeux. Chaque \u0153uvre illustre la dualit\u00e9 entre la surface visible et les myst\u00e8res sous-jacents, comme des oiseaux sous l&rsquo;eau, symbolisant la tension entre l\u00e9g\u00e8ret\u00e9 et immersion. Chercher \u00e0 capturer l&rsquo;essence de moments \u00e9ph\u00e9m\u00e8res, [&hellip;]<\/p>\n","protected":false},"author":68593925,"featured_media":0,"parent":0,"menu_order":0,"comment_status":"closed","ping_status":"closed","template":"","meta":{"_crdt_document":"{\"document\":\"AAAH0ubfjAeBAVAIIJwIAh6WGRIMAgQDAAYDAwQDCBYBAQoCAQIKAQNKABoBAgoCQgEHSgCkFwECCgBKAgYICgEBCAEASA5GyDQCHpYZHgIFAAYEAwAGBAMFChKGCQIelhkeAgUABgQDAAYEAwVnKAMnAAQAJwAEAIQCgQCEAoEAhAGBAIQCgQCEAIEAhAeBAIQAJwAoBCcAKAMnAAcAKAMnACgBJwAoAicAhwAoAycBBAAoCScAhwAoAycBKAAnACgBqAEHACgCJwAoAScBBAAoAMQUhNEX0xZzdGF0ZXZlcnNpb25kb2N1bWVudGRhdGVkb2N1bWVudHNsdWdkb2N1bWVudHN0YXR1c2RvY3VtZW50dGl0bGVTb3VzIGxhIFN1cmZhY2Vkb2N1bWVudGNvbnRlbnQ8IS0tIHdwOmltYWdlIHsiaWQiOjEyMSwic2l6ZVNsdWciOiJmdWxsIiwibGlua0Rlc3RpbmF0aW9uIjoibm9uZSJ9IC0tPgo8ZmlndXJlIGNsYXNzPSJ3cC1ibG9jay1pbWFnZSBzaXplLWZ1bGwiPjxpbWcgc3JjPSJodHRwczovL3NhYmluZWRlbHRlbnJlLmFydC93cC1jb250ZW50L3VwbG9hZHMvMjAyNS8wOS9JTUdfOTI4OS5wbmciIGFsdD0iIiBjbGFzcz0id3AtaW1hZ2UtMTIxIi8+PC9maWd1cmU+CjwhLS0gL3dwOmltYWdlIC0tPgoKPCEtLSB3cDpwYXJhZ3JhcGggeyJhbGlnbiI6ImNlbnRlciJ9IC0tPgo8cCBjbGFzcz0iaGFzLXRleHQtYWxpZ24tY2VudGVyIj4iU291cyBsYSBTdXJmYWNlIiBlc3QgdW5lIHPDqXJpZSBkZSBkZXNzaW5zIGV4cGxvcmFudCBsZXMgcHJvZm9uZGV1cnMgY2FjaMOpZXMgZGUgbGEgbmF0dXJlLCByw6l2w6lsYW50IGxhIGJlYXV0w6kgc291dmVudCBtw6ljb25udWUgc291cyBub3MgeWV1eC4gQ2hhcXVlIMWTdXZyZSBpbGx1c3RyZSBsYSBkdWFsaXTDqSBlbnRyZSBsYSBzdXJmYWNlIHZpc2libGUgZXQgbGVzIG15c3TDqHJlcyBzb3VzLWphY2VudHMsIGNvbW1lIGRlcyBvaXNlYXV4IHNvdXMgbCdlYXUsIHN5bWJvbGlzYW50IGxhIHRlbnNpb24gZW50cmUgbMOpZ8OocmV0w6kgZXQgaW1tZXJzaW9uLiBDaGVyY2hlciDDoCBjYXB0dXJlciBsJ2Vzc2VuY2UgZGUgbW9tZW50cyDDqXBow6ltw6hyZXMsIG1ldHRhbnQgZW4gbHVtacOocmUgbGEgbWFqZXN0w6kgZGUgbGEgYmVhdXTDqSBpbnZpc2libGUsIHF1ZSBjZSBzb2l0IMOgIHRyYXZlcnMgZGVzIGJhbGVpbmVzLCBkZXMgcmFpZXMgbWFudGEgb3UgZGVzIG91cnMuIENldHRlIGNvbGxlY3Rpb24gaW52aXRlIMOgIGxhIHLDqWZsZXhpb24sIGVuY291cmFnZWFudCDDoCB2b2lyIGF1LWRlbMOgIGRlcyBhcHBhcmVuY2VzIGV0IMOgIGTDqWNvdXZyaXIgbGVzIHRyw6lzb3JzIGNhY2jDqXMgZGUgbGEgbmF0dXJlLiBMJ2VzcMOpcmFuY2UgcXVlIGNlcyDFk3V2cmVzIGluc3BpcmVyb250IHVuZSBub3V2ZWxsZSBwZXJzcGVjdGl2ZSBzdXIgbGUgbW9uZGUsIG\/DuSBiZWF1dMOpIGV0IG15c3TDqHJlIGNvZXhpc3RlbnQgZW4gaGFybW9uaWUuPC9wPgo8IS0tIC93cDpwYXJhZ3JhcGggLS0+Cgo8IS0tIHdwOiAtLT4KPHA+PHA+CjwtLSB3cHBhcmFncmFwIC0tPmRvY3VtZW50ZXhjZXJwdGRvY3VtZW50YXV0aG9yZG9jdW1lbnRmZWF0dXJlZF9tZWRpYWRvY3VtZW50Y29tbWVudF9zdGF0dXNkb2N1bWVudHBpbmdfc3RhdHVzZG9jdW1lbnR0ZW1wbGF0ZWRvY3VtZW50bWV0YWFkdmFuY2VkX3Nlb19kZXNjcmlwdGlvbmpldHBhY2tfc2VvX2h0bWxfdGl0bGVqZXRwYWNrX3Nlb19ub2luZGV4Zm9vdG5vdGVzZG9jdW1lbnRibG9ja3NjbGllbnRJZGlzVmFsaWRvcmlnaW5hbENvbnRlbnRuYW1lYXR0cmlidXRlc3VybGFsdGNhcHRpb25pZHNpemVTbHVnbGlua0Rlc3RpbmF0aW9uaW5uZXJCbG9ja3NjbGllbnRJZGlzVmFsaWRvcmlnaW5hbENvbnRlbnRuYW1lYXR0cmlidXRlc2NvbnRlbnQiU291cyBsYSBTdXJmYWNlIiBlc3QgdW5lIHPDqXJpZSBkZSBkZXNzaW5zIGV4cGxvcmFudCBsZXMgcHJvZm9uZGV1cnMgY2FjaMOpZXMgZGUgbGEgbmF0dXJlLCByw6l2w6lsYW50IGxhIGJlYXV0w6kgc291dmVudCBtw6ljb25udWUgc291cyBub3MgeWV1eC4gQ2hhcXVlIMWTdXZyZSBpbGx1c3RyZSBsYSBkdWFsaXTDqSBlbnRyZSBsYSBzdXJmYWNlIHZpc2libGUgZXQgbGVzIG15c3TDqHJlcyBzb3VzLWphY2VudHMsIGNvbW1lIGRlcyBvaXNlYXV4IHNvdXMgbCdlYXUsIHN5bWJvbGlzYW50IGxhIHRlbnNpb24gZW50cmUgbMOpZ8OocmV0w6kgZXQgaW1tZXJzaW9uLiBDaGVyY2hlciDDoCBjYXB0dXJlciBsJ2Vzc2VuY2UgZGUgbW9tZW50cyDDqXBow6ltw6hyZXMsIG1ldHRhbnQgZW4gbHVtacOocmUgbGEgbWFqZXN0w6kgZGUgbGEgYmVhdXTDqSBpbnZpc2libGUsIHF1ZSBjZSBzb2l0IMOgIHRyYXZlcnMgZGVzIGJhbGVpbmVzLCBkZXMgcmFpZXMgbWFudGEgb3UgZGVzIG91cnMuIENldHRlIGNvbGxlY3Rpb24gaW52aXRlIMOgIGxhIHLDqWZsZXhpb24sIGVuY291cmFnZWFudCDDoCB2b2lyIGF1LWRlbMOgIGRlcyBhcHBhcmVuY2VzIGV0IMOgIGTDqWNvdXZyaXIgbGVzIHRyw6lzb3JzIGNhY2jDqXMgZGUgbGEgbmF0dXJlLiBMJ2VzcMOpcmFuY2UgcXVlIGNlcyDFk3V2cmVzIGluc3BpcmVyb250IHVuZSBub3V2ZWxsZSBwZXJzcGVjdGl2ZSBzdXIgbGUgbW9uZGUsIG\/DuSBiZWF1dMOpIGV0IG15c3TDqHJlIGNvZXhpc3RlbnQgZW4gaGFybW9uaWUuZHJvcENhcHBsYWNlaG9sZGVydGV4dENvbG9yYmFja2dyb3VuZENvbG9yZm9udFNpemVkaXJlY3Rpb25zdHlsZWxvY2tjbGFzc05hbWVtZXRhZGF0YWlubmVyQmxvY2tzY2xpZW50SWRpc1ZhbGlkb3JpZ2luYWxDb250ZW50bmFtZWF0dHJpYnV0ZXNjb250ZW50ZHJvcENhcGlubmVyQmxvY2tzc3RhdGVzYXZlZEF0c3RhdGVzYXZlZEJ5Y2xpZW50SWRpc1ZhbGlkbmFtZWF0dHJpYnV0ZXN0YWdOYW1ldHlwZXRleHRpbm5lckJsb2Nrc0xpc3RlIGRlcyBvZXV2cmVzdXJsc3R5bGUiOnsidHlwb2dycGh5Ijp7InRleHRBfX1idXR0b25zZGl2IGNsYXNzPSJ3LWJsb2NrLWJ1dHRvbnMiIS0tIHc6YnV0dG9uIC0tZGl2IGNsYXNzPSJ3cGJsb2NrYnV0dG9uIj48YWNsYXNzPSItYmxvY2stYnV0dG9uX19saW5rIHctZWxlbWVudC1idXR0b24iIGhyZWY9Imh0dHBzOi8vc2JpbmVkZWx0ZW5lLnJ0Lz9wYWVfaWQ9Mzg5Ij5MaXN0ZSBkZXMgb2V1dmVzPC8+PC9kaXY+CjwhLS0gL3c6YnV0dG9uPC9kaXY+CjwhLS0gL3dwOmJ1dHRvbnMgLS0+BQcIBAgECAYIBQ8IB44EAQ+rDAYBAgEDQQECQQYECAcIBggOCA4IC0gBBBgWEwkIBggHDwQKQwAHAggPCwgHDwQKB6ALBwsJDwgJBQQJCAsIBw8ECkcACwUHBQcIBwQKB0QACxEDDwwCBwwPBQoNBQoHFSAKAgYYBA8HGxMBBAAAAQAAAAEGAAMBAAAmAQEAFEIBAQBBAAIAQQACAEEAAgBBAAIABUECCUEyAX0AfQF3EzIwMjUtMDktMDFUMTU6NTA6MDh3D3NvdXMtbGEtc3VyZmFjZXcHcHVibGlzaH2FpLVBfQB3BmNsb3NlZHcGY2xvc2VkdwB3AHcAeXcAdyQxYTdlZDc0Zi1lZTY4LTRjZGUtYmFjMy05MDRjZDAyYTJmZmF4d50BPGZpZ3VyZSBjbGFzcz0id3AtYmxvY2staW1hZ2Ugc2l6ZS1mdWxsIj48aW1nIHNyYz0iaHR0cHM6Ly9zYWJpbmVkZWx0ZW5yZS5hcnQvd3AtY29udGVudC91cGxvYWRzLzIwMjUvMDkvSU1HXzkyODkucG5nIiBhbHQ9IiIgY2xhc3M9IndwLWltYWdlLTEyMSIvPjwvZmlndXJlPncKY29yZS9pbWFnZXdCaHR0cHM6Ly9zYWJpbmVkZWx0ZW5yZS5hcnQvd3AtY29udGVudC91cGxvYWRzLzIwMjUvMDkvSU1HXzkyODkucG5ndwB9uQF3BGZ1bGx3BG5vbmV3JDUwYWE4MzdhLTM0YmQtNGRhMi1hMGNlLTRmNTIyNWEzMjcxNXh3pgY8cCBjbGFzcz0iaGFzLXRleHQtYWxpZ24tY2VudGVyIj4iU291cyBsYSBTdXJmYWNlIiBlc3QgdW5lIHPDqXJpZSBkZSBkZXNzaW5zIGV4cGxvcmFudCBsZXMgcHJvZm9uZGV1cnMgY2FjaMOpZXMgZGUgbGEgbmF0dXJlLCByw6l2w6lsYW50IGxhIGJlYXV0w6kgc291dmVudCBtw6ljb25udWUgc291cyBub3MgeWV1eC4gQ2hhcXVlIMWTdXZyZSBpbGx1c3RyZSBsYSBkdWFsaXTDqSBlbnRyZSBsYSBzdXJmYWNlIHZpc2libGUgZXQgbGVzIG15c3TDqHJlcyBzb3VzLWphY2VudHMsIGNvbW1lIGRlcyBvaXNlYXV4IHNvdXMgbCdlYXUsIHN5bWJvbGlzYW50IGxhIHRlbnNpb24gZW50cmUgbMOpZ8OocmV0w6kgZXQgaW1tZXJzaW9uLiBDaGVyY2hlciDDoCBjYXB0dXJlciBsJ2Vzc2VuY2UgZGUgbW9tZW50cyDDqXBow6ltw6hyZXMsIG1ldHRhbnQgZW4gbHVtacOocmUgbGEgbWFqZXN0w6kgZGUgbGEgYmVhdXTDqSBpbnZpc2libGUsIHF1ZSBjZSBzb2l0IMOgIHRyYXZlcnMgZGVzIGJhbGVpbmVzLCBkZXMgcmFpZXMgbWFudGEgb3UgZGVzIG91cnMuIENldHRlIGNvbGxlY3Rpb24gaW52aXRlIMOgIGxhIHLDqWZsZXhpb24sIGVuY291cmFnZWFudCDDoCB2b2lyIGF1LWRlbMOgIGRlcyBhcHBhcmVuY2VzIGV0IMOgIGTDqWNvdXZyaXIgbGVzIHRyw6lzb3JzIGNhY2jDqXMgZGUgbGEgbmF0dXJlLiBMJ2VzcMOpcmFuY2UgcXVlIGNlcyDFk3V2cmVzIGluc3BpcmVyb250IHVuZSBub3V2ZWxsZSBwZXJzcGVjdGl2ZSBzdXIgbGUgbW9uZGUsIG\/DuSBiZWF1dMOpIGV0IG15c3TDqHJlIGNvZXhpc3RlbnQgZW4gaGFybW9uaWUuPC9wPncOY29yZS9wYXJhZ3JhcGh5f39\/f392AQp0eXBvZ3JhcGh5dgEJdGV4dEFsaWdudwZjZW50ZXJ\/f393JDVmMGUxY2NjLWY0NzUtNDMwNi05NDY4LWY1MWY5OGJhZTQ2Nnh3BzxwPjwvcD53DmNvcmUvcGFyYWdyYXBoeXtCedn7gKBAAH2S5t+MB3ckZWViNjA3ODMtYWU4MS00ZDhkLTkzNTAtNmE4ZGViN2EyNWQ5dwxjb3JlL2J1dHRvbnN3JGE3YjkwOTg1LWMzYjMtNGRiMy1hN2EzLTE1Y2QzNWYzMjYxMnh3C2NvcmUvYnV0dG9udwFhdwZidXR0b253J2h0dHBzOi8vc2FiaW5lZGVsdGVucmUuYXJ0Lz9wYWdlX2lkPTM4OQGS86\/GAwneCAgJAAQAAwACAAgAkAYAAQEBAQ==\",\"updateId\":553924038}","advanced_seo_description":"","jetpack_seo_html_title":"","jetpack_seo_noindex":false,"footnotes":""},"class_list":["post-31","page","type-page","status-publish","hentry"],"jetpack_likes_enabled":true,"jetpack_sharing_enabled":true,"jetpack_shortlink":"https:\/\/wp.me\/PgqLsL-v","jetpack-related-posts":[],"_links":{"self":[{"href":"https:\/\/sabinedeltenre.art\/index.php?rest_route=\/wp\/v2\/pages\/31","targetHints":{"allow":["GET"]}}],"collection":[{"href":"https:\/\/sabinedeltenre.art\/index.php?rest_route=\/wp\/v2\/pages"}],"about":[{"href":"https:\/\/sabinedeltenre.art\/index.php?rest_route=\/wp\/v2\/types\/page"}],"author":[{"embeddable":true,"href":"https:\/\/sabinedeltenre.art\/index.php?rest_route=\/wp\/v2\/users\/68593925"}],"replies":[{"embeddable":true,"href":"https:\/\/sabinedeltenre.art\/index.php?rest_route=%2Fwp%2Fv2%2Fcomments&post=31"}],"version-history":[{"count":8,"href":"https:\/\/sabinedeltenre.art\/index.php?rest_route=\/wp\/v2\/pages\/31\/revisions"}],"predecessor-version":[{"id":400,"href":"https:\/\/sabinedeltenre.art\/index.php?rest_route=\/wp\/v2\/pages\/31\/revisions\/400"}],"wp:attachment":[{"href":"https:\/\/sabinedeltenre.art\/index.php?rest_route=%2Fwp%2Fv2%2Fmedia&parent=31"}],"curies":[{"name":"wp","href":"https:\/\/api.w.org\/{rel}","templated":true}]}}